{"id":9772,"date":"2020-11-02T14:28:23","date_gmt":"2020-11-02T14:28:23","guid":{"rendered":"https:\/\/allsmiles.qodeinteractive.com\/?page_id=3"},"modified":"2023-07-04T11:08:00","modified_gmt":"2023-07-04T11:08:00","slug":"politica-privacidad","status":"publish","type":"page","link":"https:\/\/www.clinicasdentalescaser.es\/blog\/politica-privacidad","title":{"rendered":"Pol\u00edtica de privacidad"},"content":{"rendered":"\t\t<div data-elementor-type=\"wp-page\" data-elementor-id=\"9772\" class=\"elementor elementor-9772\" data-elementor-post-type=\"page\">\n\t\t\t\t\t\t<section class=\"elementor-section elementor-top-section elementor-element elementor-element-011377d elementor-section-boxed elementor-section-height-default elementor-section-height-default\" data-id=\"011377d\" data-element_type=\"section\" data-e-type=\"section\" data-settings=\"{&quot;jet_parallax_layout_list&quot;:[],&quot;background_background&quot;:&quot;classic&quot;}\">\n\t\t\t\t\t\t<div class=\"elementor-container elementor-column-gap-default\">\n\t\t\t\t\t<div class=\"elementor-column elementor-col-100 elementor-top-column elementor-element elementor-element-8564e09\" data-id=\"8564e09\" data-element_type=\"column\" data-e-type=\"column\">\n\t\t\t<div class=\"elementor-widget-wrap elementor-element-populated\">\n\t\t\t\t\t\t<div class=\"elementor-element elementor-element-259916d elementor-widget elementor-widget-heading\" data-id=\"259916d\" data-element_type=\"widget\" data-e-type=\"widget\" data-widget_type=\"heading.default\">\n\t\t\t\t<div class=\"elementor-widget-container\">\n\t\t\t\t\t<h1 class=\"elementor-heading-title elementor-size-default\">Pol\u00edtica de privacidad<\/h1>\t\t\t\t<\/div>\n\t\t\t\t<\/div>\n\t\t\t\t\t<\/div>\n\t\t<\/div>\n\t\t\t\t\t<\/div>\n\t\t<\/section>\n\t\t\t\t<section class=\"elementor-section elementor-top-section elementor-element elementor-element-4e673ef4 elementor-section-boxed elementor-section-height-default elementor-section-height-default\" data-id=\"4e673ef4\" data-element_type=\"section\" data-e-type=\"section\" data-settings=\"{&quot;jet_parallax_layout_list&quot;:[]}\">\n\t\t\t\t\t\t<div class=\"elementor-container elementor-column-gap-default\">\n\t\t\t\t\t<div class=\"elementor-column elementor-col-100 elementor-top-column elementor-element elementor-element-55f677c9\" data-id=\"55f677c9\" data-element_type=\"column\" data-e-type=\"column\">\n\t\t\t<div class=\"elementor-widget-wrap elementor-element-populated\">\n\t\t\t\t\t\t<div class=\"elementor-element elementor-element-237e5c8d elementor-widget elementor-widget-text-editor\" data-id=\"237e5c8d\" data-element_type=\"widget\" data-e-type=\"widget\" data-widget_type=\"text-editor.default\">\n\t\t\t\t<div class=\"elementor-widget-container\">\n\t\t\t\t\t\t\t\t\t\n<div class=\"wrapper\">\n<div class=\"container bases-legales\">\n<p>De conformidad con la vigente normativa de protecci\u00f3n de datos, seguidamente le informamos de los aspectos m\u00e1s relevantes de la misma:<\/p>\n<p>\u00a0<\/p>\n<h4 class=\"wp-block-heading\">1. RESPONSABLE<\/h4>\n<p><strong>Identidad:<\/strong> CASER SERVICIOS DE SALUD, S.A.<br \/><strong>C.I.F:<\/strong> A83199067<br \/><strong>Domicilio social:<\/strong> Avenida de Burgos, 109 \u2013 28050 \u2013 MADRID<br \/><strong>Tel\u00e9fono:<\/strong> 91595500<\/p>\n<p>\u00a0<\/p>\n<h4>2. FINALIDADES, PLAZO Y LEGITIMACI\u00d3N DEL TRATAMIENTO<\/h4>\n<p><strong>A. Los datos personales de los clientes se tratar\u00e1n para cumplir adecuadamente los servicios contratados, por ejemplo:<\/strong><\/p>\n<p>Gestionar sus citas y atender cualquier comunicaci\u00f3n con la entidad. Gestionar cualquier incidencia o reclamaci\u00f3n interpuesta por el usuario y\/o paciente. Realizar encuestas con el objetivo de conocer su opini\u00f3n sobre la atenci\u00f3n recibida por Caser Servicios de Salud, S.A. y que ser\u00e1n utilizadas \u00fanicamente para mejorar y desarrollar los servicios ofrecidos.<\/p>\n<p><span style=\"text-decoration: underline;\">Plazo de conservaci\u00f3n:<\/span> Sus datos personales se conservar\u00e1n mientras se encuentre vigente la relaci\u00f3n contractual con los usuarios y pacientes y se cancelar\u00e1n de conformidad con los plazos previstos por la legislaci\u00f3n vigente: Un m\u00e1ximo de seis a\u00f1os de acuerdo con lo previsto en el C\u00f3digo de Comercio. La historia cl\u00ednica se conservar\u00e1 un plazo no inferior a 5 a\u00f1os, a contar desde la finalizaci\u00f3n del \u00faltimo tratamiento, tal y como establece la Ley 41\/2002, de 14 de noviembre, de Autonom\u00eda del paciente.<\/p>\n<p><span style=\"text-decoration: underline;\">Legitimaci\u00f3n:<\/span> La base legal que legitima estos tratamientos es la correcta ejecuci\u00f3n de los servicios contratados por usted. Asimismo, el tratamiento de los datos resulta imprescindible para el cumplimiento de obligaciones legales de la Compa\u00f1\u00eda, entre las que destacan las obligaciones contables y fiscales dimanantes de la normativa vigente.<\/p>\n<p><strong>B. Elaboraci\u00f3n de perfiles comerciales y env\u00edo de informaci\u00f3n publicitaria<\/strong><\/p>\n<p>Descripci\u00f3n de la finalidad: Con la finalidad de realizarle acciones comerciales y prestarle los servicios que m\u00e1s se adecuen a su perfil, utilizaremos sus datos derivados de las relaciones contractuales que nos unan, as\u00ed como los gustos, aficiones y necesidades declaradas por Vd. A estos efectos, le informamos que no se tomar\u00e1n decisiones automatizadas en base a este perfil. Asimismo, le informamos que trataremos sus datos con la finalidad de ofrecerle, por cualquier medio de comunicaci\u00f3n, incluido el correo electr\u00f3nico, SMS, MMS, o equivalente, informaci\u00f3n comercial sobre nuestros productos y servicios similares a los contratados por Vds.<\/p>\n<p><span style=\"text-decoration: underline;\">Plazo de conservaci\u00f3n:<\/span> Sus datos personales ser\u00e1n tratados con esta finalidad mientras usted no se oponga a la misma y hasta dos a\u00f1os despu\u00e9s de finalizada su relaci\u00f3n con la Caser Servicios de Salud, S.A.<\/p>\n<p><span style=\"text-decoration: underline;\">Legitimaci\u00f3n:<\/span> La base legal que legitima estos tratamientos es el inter\u00e9s leg\u00edtimo de Caser Servicios de Salud, S.A. de comercializar entre sus clientes, servicios similares a los efectivamente contratados, as\u00ed como gestionar las relaciones mercantiles que nos unen de la forma m\u00e1s personalizada posible.<\/p>\n<p>\u00a0<\/p>\n<h4>3. DESTINATARIOS<\/h4>\n<p>Con las finalidades indicadas en el punto anterior, sus datos personales podr\u00e1n comunicarse, en su caso, a las siguientes entidades:<\/p>\n<ul>\n<li>A nuestras empresas colaboradoras, en su caso, para el prestaci\u00f3n del servicio contratado.<\/li>\n<li>A las Administraciones P\u00fablicas en los supuestos previstos en la Ley.<\/li>\n<li>A los Bancos y entidades financieras para el cobro de los servicios contratados.<\/li>\n<li>A las Entidades del Grupo Caser para dar cumplimiento a la normativa de Supervisi\u00f3n Ordenaci\u00f3n y Solvencia.<\/li>\n<\/ul>\n<h4>\u00a0<\/h4>\n<h4>4. DERECHOS DE LOS AFECTADOS<\/h4>\n<p>Los derechos de acceso, rectificaci\u00f3n, supresi\u00f3n, portabilidad, limitaci\u00f3n del tratamiento y oposici\u00f3n se har\u00e1n efectivos mediante carta dirigida al domicilio social, Avda. de Burgos, 109 \u2013 28050 &#8211; MADRID (Indicar Asesor\u00eda Jur\u00eddica \u2013 Protecci\u00f3n de Datos) o mediante correo electr\u00f3nico dirigido a<a href=\"mailto:derechosrgpdgrupocaser@caser.es\"> derechosrgpdgrupocaser@caser.es<\/a>, a los que se acompa\u00f1ar\u00e1 copia del D.N.I. o Pasaporte.<\/p>\n<p>Asimismo, le informamos que podr\u00e1 formular una reclamaci\u00f3n ante el Delegado de Protecci\u00f3n de Datos del Grupo Caser, por correo postal dirigido al DPO del Grupo Caser, Avda. de Burgos, 109 \u2013 28050 MADRID, o bien mediante correo electr\u00f3nico remitido a: dpogrupocaser@caser.es.<\/p>\n<p>Asimismo, podr\u00e1 formular reclamaci\u00f3n ante la Agencia Espa\u00f1ola de Protecci\u00f3n de Datos si considera que se han conculcados sus derechos en esta materia. Para m\u00e1s informaci\u00f3n visite la p\u00e1gina web <a href=\"http:\/\/www.agpd.es\" target=\"_blank\" rel=\"noopener\">www.agpd.es<\/a><\/p>\n<h4>Propiedad intelectual e industrial<\/h4>\n<p>Los derechos de propiedad intelectual de la p\u00e1gina, su c\u00f3digo fuente, dise\u00f1o, estructuras de navegaci\u00f3n y los distintos elementos en ella contenidos son titularidad de CASER SERVICIOS DE SALUD, S.A., a quien corresponde el ejercicio exclusivo de los derechos de explotaci\u00f3n de los mismos en cualquier forma y, en especial, los derechos de reproducci\u00f3n, distribuci\u00f3n, comunicaci\u00f3n p\u00fablica y transformaci\u00f3n, de acuerdo con la legislaci\u00f3n espa\u00f1ola y de la uni\u00f3n europea aplicable. El portal de CASER SERVICIOS DE SALUD, S.A., las p\u00e1ginas que comprende y la informaci\u00f3n o elementos contenidos en las mismas, incluyen textos, documentos, fotograf\u00edas, dibujos, representaciones gr\u00e1ficas, programas inform\u00e1ticos, as\u00ed como logotipos, marcas, nombres comerciales, u otros signos distintivos, protegidos por derechos de propiedad intelectual o industrial, de los que CASER SERVICIOS DE SALUD, S.A. es titular o leg\u00edtima licenciataria.<\/p>\n<h4>Contenidos<\/h4>\n<p>Se facilita a trav\u00e9s de esta Web informaci\u00f3n acerca de servicios destinados a conocimiento p\u00fablico que en todo caso se sujetar\u00e1n a los t\u00e9rminos y condiciones expresamente detallados en cada momento y que son accesibles desde esta p\u00e1gina Web, los cuales se sujetar\u00e1n a las distintas disposiciones legales de aplicaci\u00f3n.<\/p>\n<h4>Acceso y uso<\/h4>\n<p>Tanto el acceso a esta p\u00e1gina Web, como el uso que pueda hacerse de la informaci\u00f3n y contenidos incluidos en la misma, ser\u00e1 de la exclusiva responsabilidad de quien lo realice. Las condiciones de acceso a este Web estar\u00e1n supeditadas a la legalidad vigente y los principios de la buena fe y uso l\u00edcito por parte del usuario de la misma, quedando prohibido con car\u00e1cter general cualquier tipo de actuaci\u00f3n en perjuicio de CASER SERVICIOS DE SALUD, S.A.. Se considerar\u00e1 terminantemente prohibido el uso de la presente p\u00e1gina Web con fines ilegales o no autorizados. Queda prohibida cualquier modalidad de explotaci\u00f3n, incluyendo todo tipo de reproducci\u00f3n, distribuci\u00f3n, cesi\u00f3n a terceros, comunicaci\u00f3n p\u00fablica y transformaci\u00f3n, mediante cualquier tipo de soporte y medio, de las obras antes referidas, creaciones y signos distintivos sin autorizaci\u00f3n previa y expresa de sus respectivos titulares. El incumplimiento de esta prohibici\u00f3n podr\u00e1 constituir infracci\u00f3n sancionable por la legislaci\u00f3n vigente. No obstante, por su cuenta y riesgo, el usuario podr\u00e1 descargar o realizar copia de tales elementos exclusivamente para su uso personal, siempre que no infrinja ninguno de los derechos de propiedad intelectual o industrial de CASER SERVICIOS DE SALUD, S.A. ni los altere total o parcialmente. En ning\u00fan caso, ello significar\u00e1 una autorizaci\u00f3n o licencia sobre los derechos de propiedad de CASER SERVICIOS DE SALUD, S.A.. Queda prohibido, salvo en los casos que expresamente lo autorice CASER SERVICIOS DE SALUD, S.A., presentar las p\u00e1ginas de CASER SERVICIOS DE SALUD, S.A. o la informaci\u00f3n contenida en ellas bajo frames o marcos, signos distintivos, marcas o denominaciones sociales o comerciales de otra persona, empresa o entidad.<\/p>\n<h4>Responsabilidad<\/h4>\n<p>CASER SERVICIOS DE SALUD, S.A. no se hace responsable, bajo ning\u00fan concepto, por ning\u00fan tipo de da\u00f1o que pudiesen ocasionar los Usuarios a la presente p\u00e1gina Web, o a cualquier otra, por el uso ilegal o indebido de la misma, o de los contenidos e informaciones accesibles o facilitadas a trav\u00e9s de ella.<\/p>\n<h4>Servicio<\/h4>\n<p>CASER SERVICIOS DE SALUD, S.A. se reserva el derecho de suspender el acceso a su p\u00e1gina Web, sin previo aviso, de forma discrecional y temporal, por razones t\u00e9cnicas o de cualquier otra \u00edndole, pudiendo asimismo modificar unilateralmente tanto las condiciones de acceso, como la totalidad o parte de los contenidos en ella incluidos.<\/p>\n<h4>Generales<\/h4>\n<p>Para toda cuesti\u00f3n litigiosa o que incumba a la P\u00e1gina Web de CASER SERVICIOS DE SALUD, S.A. ser\u00e1 de aplicaci\u00f3n la legislaci\u00f3n espa\u00f1ola, siendo competentes para la resoluci\u00f3n de todos los conflictos derivados o relacionados con el uso de esta p\u00e1gina Web, los Juzgados y Tribunales del domicilio del usuario. El acceso a la p\u00e1gina Web de CASER SERVICIOS DE SALUD, S.A. implica la aceptaci\u00f3n de todas las condiciones anteriormente expresadas.<\/p>\n<h4>Hiperenlaces<\/h4>\n<p>Los hiperenlaces contenidos en el sitio Web de CASER SERVICIOS DE SALUD, S.A. pueden dirigir a p\u00e1ginas Web de terceros. CASER SERVICIOS DE SALUD, S.A. no asume ninguna responsabilidad por el contenido, informaciones o servicios que pudieran aparecer en dichos sitios, que tendr\u00e1n exclusivamente car\u00e1cter informativo y que en ning\u00fan caso implican relaci\u00f3n alguna entre CASER SERVICIOS DE SALUD, S.A. y a las personas o entidades titulares de tales contenidos o titulares de los sitios donde se encuentren.<\/p>\n<\/div>\n<\/div>\n<footer class=\"main-footer\">\n<div class=\"container\">\n<p class=\"lead\">Caser Dental cuenta con la\u00a0<b>solvencia<\/b>\u00a0de uno de los principales grupos aseguradores de Espa\u00f1a. Ofrecemos a todos nuestros pacientes servicios de calidad,\u00a0<b>garantizando el cumplimiento de todos sus tratamientos.<\/b><\/p>\n<\/div>\n<\/footer>\t\t\t\t\t\t\t\t<\/div>\n\t\t\t\t<\/div>\n\t\t\t\t\t<\/div>\n\t\t<\/div>\n\t\t\t\t\t<\/div>\n\t\t<\/section>\n\t\t\t\t<\/div>\n\t\t","protected":false},"excerpt":{"rendered":"<p>De conformidad con la vigente normativa de protecci\u00f3n de datos, seguidamente le informamos de los aspectos m\u00e1s relevantes de la misma: \u00a0 1. RESPONSABLE Identidad: CASER SERVICIOS DE SALUD, S.A.C.I.F: A83199067Domicilio social: Avenida de Burgos, 109 \u2013 28050 \u2013 MADRIDTel\u00e9fono: 91595500 \u00a0 2. FINALIDADES, PLAZO Y LEGITIMACI\u00d3N DEL TRATAMIENTO A. Los datos personales de los [&hellip;]<\/p>\n","protected":false},"author":7,"featured_media":0,"parent":0,"menu_order":0,"comment_status":"closed","ping_status":"closed","template":"","meta":{"footnotes":""},"class_list":["post-9772","page","type-page","status-publish","hentry"],"_links":{"self":[{"href":"https:\/\/www.clinicasdentalescaser.es\/blog\/wp-json\/wp\/v2\/pages\/9772","targetHints":{"allow":["GET"]}}],"collection":[{"href":"https:\/\/www.clinicasdentalescaser.es\/blog\/wp-json\/wp\/v2\/pages"}],"about":[{"href":"https:\/\/www.clinicasdentalescaser.es\/blog\/wp-json\/wp\/v2\/types\/page"}],"author":[{"embeddable":true,"href":"https:\/\/www.clinicasdentalescaser.es\/blog\/wp-json\/wp\/v2\/users\/7"}],"replies":[{"embeddable":true,"href":"https:\/\/www.clinicasdentalescaser.es\/blog\/wp-json\/wp\/v2\/comments?post=9772"}],"version-history":[{"count":4,"href":"https:\/\/www.clinicasdentalescaser.es\/blog\/wp-json\/wp\/v2\/pages\/9772\/revisions"}],"predecessor-version":[{"id":10832,"href":"https:\/\/www.clinicasdentalescaser.es\/blog\/wp-json\/wp\/v2\/pages\/9772\/revisions\/10832"}],"wp:attachment":[{"href":"https:\/\/www.clinicasdentalescaser.es\/blog\/wp-json\/wp\/v2\/media?parent=9772"}],"curies":[{"name":"wp","href":"https:\/\/api.w.org\/{rel}","templated":true}]}}