{"id":10833,"date":"2023-07-04T11:08:56","date_gmt":"2023-07-04T11:08:56","guid":{"rendered":"https:\/\/www.clinicasdentalescaser.es\/blog\/?page_id=10833"},"modified":"2023-07-25T07:09:34","modified_gmt":"2023-07-25T07:09:34","slug":"politica-cookies","status":"publish","type":"page","link":"https:\/\/www.clinicasdentalescaser.es\/blog\/politica-cookies","title":{"rendered":"Pol\u00edtica de cookies"},"content":{"rendered":"\t\t<div data-elementor-type=\"wp-page\" data-elementor-id=\"10833\" class=\"elementor elementor-10833\" data-elementor-post-type=\"page\">\n\t\t\t\t\t\t<section class=\"elementor-section elementor-top-section elementor-element elementor-element-9979589 elementor-section-boxed elementor-section-height-default elementor-section-height-default\" data-id=\"9979589\" data-element_type=\"section\" data-e-type=\"section\" data-settings=\"{&quot;jet_parallax_layout_list&quot;:[],&quot;background_background&quot;:&quot;classic&quot;}\">\n\t\t\t\t\t\t<div class=\"elementor-container elementor-column-gap-default\">\n\t\t\t\t\t<div class=\"elementor-column elementor-col-100 elementor-top-column elementor-element elementor-element-30bd289\" data-id=\"30bd289\" data-element_type=\"column\" data-e-type=\"column\">\n\t\t\t<div class=\"elementor-widget-wrap elementor-element-populated\">\n\t\t\t\t\t\t<div class=\"elementor-element elementor-element-2e01510 elementor-widget elementor-widget-heading\" data-id=\"2e01510\" data-element_type=\"widget\" data-e-type=\"widget\" data-widget_type=\"heading.default\">\n\t\t\t\t<div class=\"elementor-widget-container\">\n\t\t\t\t\t<h1 class=\"elementor-heading-title elementor-size-default\">Pol\u00edtica de cookies<\/h1>\t\t\t\t<\/div>\n\t\t\t\t<\/div>\n\t\t\t\t\t<\/div>\n\t\t<\/div>\n\t\t\t\t\t<\/div>\n\t\t<\/section>\n\t\t\t\t<section class=\"elementor-section elementor-top-section elementor-element elementor-element-385959a elementor-section-boxed elementor-section-height-default elementor-section-height-default\" data-id=\"385959a\" data-element_type=\"section\" data-e-type=\"section\" data-settings=\"{&quot;jet_parallax_layout_list&quot;:[]}\">\n\t\t\t\t\t\t<div class=\"elementor-container elementor-column-gap-default\">\n\t\t\t\t\t<div class=\"elementor-column elementor-col-100 elementor-top-column elementor-element elementor-element-aff280a\" data-id=\"aff280a\" data-element_type=\"column\" data-e-type=\"column\">\n\t\t\t<div class=\"elementor-widget-wrap elementor-element-populated\">\n\t\t\t\t\t\t<div class=\"elementor-element elementor-element-034ea72 elementor-widget elementor-widget-text-editor\" data-id=\"034ea72\" data-element_type=\"widget\" data-e-type=\"widget\" data-widget_type=\"text-editor.default\">\n\t\t\t\t<div class=\"elementor-widget-container\">\n\t\t\t\t\t\t\t\t\t\n<div class=\"wrapper\">\n<div class=\"container bases-legales\">\n<div class=\"container bases-legales\">\n<h4 class=\"wp-block-heading\">\u00bfQu\u00e9 es una cookie?<\/h4>\n<p>Una cookie es un peque\u00f1o archivo de datos que se descarga en su ordenador o dispositivo m\u00f3vil cuando visita un sitio web. Cuando regrese a un sitio web visitado anteriormente o visite un sitio web que usa las mismas cookies, ese sitio web reconocer\u00e1 estas cookies y, por lo tanto, su dispositivo. Las cookies realizan funciones esenciales, como permitirle navegar entre las p\u00e1ginas de manera eficiente, recordar las preferencias de su sitio y, en general, mejorar su experiencia de navegaci\u00f3n.<\/p>\n<h4>C\u00f3mo controlar qu\u00e9 cookies se utilizan \/ configuran en sus dispositivos<\/h4>\n<p>Cuando visita el sitio por primera vez, o si lo visita despu\u00e9s de borrar sus cookies, puede ver esta ventana emergente en la p\u00e1gina. Este aviso de cookies le permite aceptar todas las cookies y continuar con su visita o hacer clic en\u00a0<a href=\"https:\/\/www.clinicasdentalescaser.es\/blog\/politica-cookies\">Ajustes de cookies<\/a>\u00a0para cambiar las preferencias de configuraci\u00f3n.<\/p>\n<p>El administrador de privacidad le permite establecer su aceptaci\u00f3n para tres de las cuatro categor\u00edas de cookies. Recuerde que las cookies estrictamente necesarias no pueden desactivarse, ya que podr\u00edan impedir el uso eficaz del sitio.<\/p>\n<p>Puede modificar\/revocar el consentimiento otorgado para el uso de las cookies en cualquier momento haciendo clic en este\u00a0<a href=\"https:\/\/www.clinicasdentalescaser.es\/blog\/politica-cookies\">enlace<\/a>.<\/p>\n<h4>Tipos de cookies<\/h4>\n<p>Seg\u00fan la entidad, el plazo o la finalidad para la que se traten los datos obtenidos a trav\u00e9s de las cookies, \u00e9stas pueden ser:<\/p>\n<p class=\"dosis-bold\"><strong>A. Seg\u00fan la entidad que las gestione:<\/strong><\/p>\n<ul class=\"marginL20\">\n<li>\n<p><span style=\"text-decoration: underline;\"><span class=\"dosis-bold\">Cookies de primera parte:<\/span><\/span> pertenecen al dominio o subdominios del sitio web que se muestra en la barra de direcciones del navegador. En nuestro caso, este ser\u00e1 \u201cwww.caser.es\u201d y podemos configurar estas cookies cuando nos visite para que podamos reconocerlo cuando regrese.<\/p>\n<\/li>\n<li>\n<p><span style=\"text-decoration: underline;\"><span class=\"dosis-bold\">Cookies de tercera parte:<\/span><\/span> pertenecen a dominios de sitios web diferentes a \u201ccaser.es\u201d y sus subdominios. Algunas p\u00e1ginas web pueden presentar contenido de dominios de terceros (como anuncios publicitarios) y es por eso que a veces puede ver un anuncio de Caser en otras p\u00e1ginas que visita despu\u00e9s de visitar nuestros sitios web. Otros sitios tambi\u00e9n pueden configurar cookies en su dispositivo durante una visita a nuestro sitio. Estos sitios ser\u00e1n de alg\u00fan colaborador nuestro.<\/p>\n<\/li>\n<\/ul>\n<p class=\"dosis-bold\"><strong>B. Seg\u00fan su finalidad:<\/strong><\/p>\n<ul class=\"marginL20\">\n<li>\n<p><span class=\"dosis-bold\"><span style=\"text-decoration: underline;\">Cookies anal\u00edticas:<\/span>\u00a0<\/span>Son aquellas cookies que nos permiten el seguimiento y an\u00e1lisis del comportamiento de los usuarios del sitio web, incluida la cuantificaci\u00f3n de los impactos de los anuncios. La informaci\u00f3n recogida mediante este tipo de cookies se utiliza en la medici\u00f3n de la actividad de los sitios web, aplicaci\u00f3n o plataforma, con el fin de introducir mejoras en funci\u00f3n del an\u00e1lisis de los datos de uso que hacen los usuarios del servicio.<\/p>\n<\/li>\n<li>\n<p><span style=\"text-decoration: underline;\"><span class=\"dosis-bold\">Cookies publicitarias: <\/span><\/span>Estas cookies pueden ser utilizadas para almacenar informaci\u00f3n del comportamiento de los usuarios, obtenida a trav\u00e9s de la observaci\u00f3n de sus h\u00e1bitos de navegaci\u00f3n, y elaborar un perfil de sus intereses y mostrarles anuncios personalizados en otros sitios.<\/p>\n<\/li>\n<li>\n<p><span class=\"dosis-bold\"><span style=\"text-decoration: underline;\">Cookies de Personalizaci\u00f3n:<\/span>\u00a0<\/span>Son aquellas cookies que permiten recordar informaci\u00f3n para que el usuario acceda al servicio del sitio web con determinadas caracter\u00edsticas que pueden diferenciar su experiencia de la de otros usuarios, como, por ejemplo, el idioma, el n\u00famero de resultados a mostrar cuando el usuario realiza una b\u00fasqueda, el aspecto o contenido del servicio en funci\u00f3n del tipo de navegador a trav\u00e9s del cual el usuario accede al servicio o de la regi\u00f3n desde la que accede al servicio, etc.<\/p>\n<\/li>\n<li>\n<p><span class=\"dosis-bold\"><span style=\"text-decoration: underline;\">Cookies T\u00e9cnicas:<\/span>\u00a0<\/span>son necesarias para el funcionamiento del sitio web y no pueden desactivarse. Normalmente solo se guardan en respuesta a acciones realizadas por el usuario que impliquen una solicitud de servicios, por ejemplo al definir sus preferencias de privacidad, al iniciar sesi\u00f3n o al rellenar formularios. Puede configurar su navegador para que bloquee estas cookies o le avise sobre su presencia, pero en este caso determinadas partes del sitio no funcionar\u00e1n.<\/p>\n<\/li>\n<\/ul>\n<h4>\u00bfQui\u00e9n accede a la informaci\u00f3n de las cookies?<\/h4>\n<p>La informaci\u00f3n almacenada en las cookies es utilizada exclusivamente por Caser Servicios de Salud S.A.U.- Caser y sus empresas colaboradoras, a excepci\u00f3n de la de Google Analytics, que es usada y gestionada por Google y por nosotros con fines estad\u00edsticos.<\/p>\n<h4>Categor\u00edas de cookies utilizadas en este sitio web<\/h4>\n<p>Hay tres categor\u00edas de cookies utilizadas en este sitio web:<\/p>\n<ol>\n<li class=\"marginB20\">\n<p><span class=\"dosis-bold Font18\">Cookies T\u00e9cnicas:\u00a0<\/span>Estas cookies son necesarias para el funcionamiento de nuestro sitio web y no pueden desactivarse. Normalmente solo se guardan en respuesta a acciones realizadas por el usuario que impliquen una solicitud de servicios, por ejemplo, al definir sus preferencias de privacidad, al iniciar sesi\u00f3n o al rellenar formularios. Puede configurar su navegador para que bloquee estas cookies o le avise sobre su presencia, pero en este caso determinadas partes del sitio no funcionar\u00e1n.<\/p>\n<p>La mayor parte de los servicios ofrecidos en este sitio necesitan el uso de cookies, como por ejemplo el acceso a e-cliente o al cuadro m\u00e9dico.<\/p>\n<ul>\n<li>Privacidad: la cookie \u201cCONSENTMGR\u201d es la que guarda la aceptaci\u00f3n de la descarga de cookies y sus preferencias de configuraci\u00f3n.<\/li>\n<li>Cookies de sesi\u00f3n: Son necesarias para el correcto funcionamiento del sitio. Para mantener datos de sesi\u00f3n, datos del proceso de solicitud de presupuesto y contrataci\u00f3n, as\u00ed como cuando se inicia sesi\u00f3n con usuario y contrase\u00f1a.<\/li>\n<li>Tealium: Gestor de etiquetas que permite una gesti\u00f3n m\u00e1s \u00e1gil, r\u00e1pida y unificada de la medici\u00f3n de nuestra p\u00e1gina web y sus herramientas. (<a href=\"https:\/\/tealium.com\/privacy\/\" target=\"_blank\" rel=\"noopener\">https:\/\/tealium.com\/privacy\/<\/a>)<\/li>\n<\/ul>\n<\/li>\n<li class=\"marginB20\">\n<p><span class=\"dosis-bold Font18\">Cookies Anal\u00edticas:\u00a0<\/span>utilizamos estas cookies para analizar e identificar el comportamiento de los visitantes de nuestro sitio web, las fuentes de tr\u00e1fico o conocer qu\u00e9 p\u00e1ginas son m\u00e1s o menos populares. Cuando sea posible, combinaremos sus datos de comportamiento online con los datos personalizados que anteriormente nos ha facilitado. Estos datos se utilizar\u00e1n para analizar el comportamiento en nuestro sitio web y personalizar su experiencia con Caser.<\/p>\n<p>Cookies anal\u00edticas utilizadas:<\/p>\n<ul class=\"marginB20\">\n<li>\n<p><span class=\"dosis-bold\">Adobe Analytics Omniture y Google Analytics<\/span>, recogemos informaci\u00f3n de forma an\u00f3nima sobre c\u00f3mo usa nuestra p\u00e1gina web. Esta informaci\u00f3n incluye datos como, por ejemplo, el navegador que est\u00e1 utilizando o el n\u00famero de p\u00e1ginas que ha visto.<\/p>\n<ul>\n<li><a href=\"https:\/\/www.adobe.com\/es\/privacy\/policy.html#cookies\" target=\"_blank\" rel=\"noopener\">https:\/\/www.adobe.com\/es\/privacy\/policy.html#cookies<\/a><\/li>\n<li><a href=\"http:\/\/www.google.com\/intl\/es\/policies\/privacy\/\" target=\"_blank\" rel=\"noopener\">http:\/\/www.google.com\/intl\/es\/policies\/privacy\/<\/a><\/li>\n<li><a href=\"http:\/\/www.google.es\/intl\/es\/policies\/technologies\/cookies\/\" target=\"_blank\" rel=\"noopener\">http:\/\/www.google.es\/intl\/es\/policies\/technologies\/cookies\/<\/a><\/li>\n<\/ul>\n<\/li>\n<\/ul>\n<ul class=\"marginB20\">\n<li>\n<p><span class=\"dosis-bold\">Hotjar:\u00a0<\/span>Es un software anal\u00edtico que nos permite mejorar la experiencia con nuestro sitio web a trav\u00e9s del an\u00e1lisis del comportamiento de los usuarios en el mismo. Hotjar utiliza cookies para identificar las distintas visitas del usuario en nuestro sitio. En ning\u00fan caso este software tendr\u00e1 acceso a datos personales.<a class=\"dBlock\" href=\"https:\/\/www.hotjar.com\/legal\/policies\/privacy\/\" target=\"_blank\" rel=\"noopener\">https:\/\/www.hotjar.com\/legal\/policies\/privacy<\/a><\/p>\n<\/li>\n<\/ul>\n<\/li>\n<li class=\"marginB20\">\n<p><span class=\"dosis-bold Font18\">Cookies de Personalizaci\u00f3n:\u00a0<\/span>estas cookies permiten al sitio web ofrecer funcionalidades ampliadas y opciones de personalizaci\u00f3n. El objetivo de estas cookies es ofrecerle una experiencia m\u00e1s personalizada en nuestro sitio, teniendo en cuenta sus visitas y selecciones anteriores. Si no acepta estas cookies, es posible que alguno de estos servicios no funcione correctamente. Adobe Target (Test A\/B y multivariable): permite mejorar, evolucionar y optimizar los contenidos webs y mejorar as\u00ed la experiencia de usuario en futuras visitas al sitio.\u00a0<a class=\"dBlock\" href=\"https:\/\/www.adobe.com\/es\/privacy\/opt-out.html\" target=\"_blank\" rel=\"noopener\">https:\/\/www.adobe.com\/es\/privacy\/opt-out.html<\/a><\/p>\n<\/li>\n<li class=\"marginB20\">\n<p><span class=\"dosis-bold Font18\">Cookies Publicitarias:\u00a0<\/span>Estas cookies pueden ser utilizadas y compartidas con nuestras empresas publicitarias colaboradoras para elaborar un perfil de sus intereses y mostrarle anuncios personalizados en otros sitios. Si no permite estas cookies, ver\u00e1 menos publicidad personalizada.<a class=\"dBlock\" href=\"https:\/\/www.adobe.com\/es\/privacy\/opt-out.html\" target=\"_blank\" rel=\"noopener\">https:\/\/www.adobe.com\/es\/privacy\/opt-out.html<\/a><\/p>\n<p>&#8211; Google Doubleclick: es una herramienta que utiliza cookies para mejorar la publicidad. Esto es, orientan la publicidad en funci\u00f3n del contenido y de la relevancia que \u00e9ste pueda tener para un usuario concreto como t\u00fa. De esta forma mejoramos los informes de rendimiento de la campa\u00f1a y evitamos mostrarte anuncios que no son de tu inter\u00e9s o que ya has visto.<\/p>\n<p>La ID de cada cookie de DoubleClick es esencial para este tipo de aplicaciones. A trav\u00e9s de ella lleva un registro de los anuncios que se te muestran en cada navegador. En el momento de publicar un anuncio, DoubleCllick puede usar el ID de cookie del navegador y as\u00ed comprobar los anuncios de que ya hayan sido publicados en \u00e9l.<\/p>\n<p>Adem\u00e1s, los ID de cookie permiten que DoubleClick registre las conversaciones relacionadas con las solicitudes de anuncios como, por ejemplo, cuando ves un anuncio de DoubleClick y, posteriormente usas el mismo navegador para ir a la p\u00e1gina web del anunciante y, desde all\u00ed, realizas la compra.<\/p>\n<p>En ocasiones, la cookie contiene un identificador adicional que se parece al ID de cookie. \u00c9ste se emplea para identificar campa\u00f1as de publicidad a las que hayas sido expuesto previamente como usuario.<\/p>\n<p>De igual modo, te informamos que DoubleClick no guarda informaci\u00f3n de identificaci\u00f3n personal en la cookie, solamente del tr\u00e1fico de tu navegador.\u00a0<a class=\"dBlock\" href=\"https:\/\/support.google.com\/adsense\/answer\/2839090?hl=es\" target=\"_blank\" rel=\"noopener\">https:\/\/support.google.com\/adsense\/answer\/2839090?hl=es<\/a><\/p>\n<p>&#8211; Google Adwords &amp; Tradedoubler: Estas cookies sirven para determinar el n\u00famero de veces que los visitantes ven nuestros anuncios y hacen clic en ellos.\u00a0<a class=\"dBlock\" href=\"https:\/\/www.google.com\/policies\/technologies\/ads\/%20https:\/\/www.tradedoubler.com\/es\/privacy-policy\/\" target=\"_blank\" rel=\"noopener\">https:\/\/www.google.com\/policies\/technologies\/ads\/ https:\/\/www.tradedoubler.com\/es\/privacy-policy\/<\/a><\/p>\n<\/li>\n<\/ol>\n<h4>No estoy interesado en las cookies \u00bfC\u00f3mo puedo eliminarlas?<\/h4>\n<p>Nuestro administrador de privacidad le permite habilitar y deshabilitar todas las cookies de Caser, pero no detendr\u00e1 todas las cookies de otros sitios web. Para hacer esto, puede cambiar su configuraci\u00f3n desde su navegador.<\/p>\n<p>Las instrucciones var\u00edan dependiendo del tipo de navegador y adem\u00e1s pueden cambiar de vez en cuando a medida que se lanzan nuevas versiones.<\/p>\n<p>Aqu\u00ed hay algunos enlaces a las instrucciones para los navegadores m\u00e1s comunes:<\/p>\n<p>Microsoft Internet Explorer: <a class=\"dBlock\" href=\"https:\/\/support.microsoft.com\/en-us\/help\/17442\/windows-internet-explorer-delete-manage-cookies\" target=\"_blank\" rel=\"noopener\">https:\/\/support.microsoft.com\/en-us\/help\/17442\/windows-internet-explorer-delete-manage-cookies<\/a><\/p>\n<p>Microsoft Internet Explorer: <a class=\"dBlock\" href=\"https:\/\/support.mozilla.org\/en-US\/kb\/enable-and-disable-cookies-website-preferences\" target=\"_blank\" rel=\"noopener\">https:\/\/support.mozilla.org\/en-US\/kb\/enable-and-disable-cookies-website-preferences<\/a><\/p>\n<p>Google Chrome: <a class=\"dBlock\" href=\"https:\/\/support.google.com\/chrome\/answer\/95647?hl=en\" target=\"_blank\" rel=\"noopener\">https:\/\/support.google.com\/chrome\/answer\/95647?hl=en<\/a><\/p>\n<p>Safari: <a class=\"dBlock\" href=\"https:\/\/www.apple.com\/es\/support\/mac-apps\/safari\/\" target=\"_blank\" rel=\"noopener\">https:\/\/www.apple.com\/es\/support\/mac-apps\/safari\/<\/a><\/p>\n<p>Para otros navegadores, intente buscar \u00abadministrar cookies en (nombre del navegador)\u00bb.<\/p>\n<h4>Cambios y actualizaciones en la Pol\u00edtica de cookies<\/h4>\n<p>Caser puede modificar esta Pol\u00edtica de Cookies en funci\u00f3n de exigencias legislativas, reglamentarias, o con la finalidad de adaptar dicha pol\u00edtica a las instrucciones y recomendaciones dictadas por los reguladores. Se recomienda, por tanto, revisar peri\u00f3dicamente la Pol\u00edtica de Cookies.<\/p>\n<h4>\u00bfTienes dudas sobre esta pol\u00edtica de cookies?<\/h4>\n<p>Contacta con nosotros a trav\u00e9s del correo electr\u00f3nico\u00a0<a class=\"dosis-bold underline\" href=\"mailto:multicanalidad@caser.es\">multicanalidad@caser.es<\/a><\/p>\n<\/div>\n<footer class=\"main-footer\">\n<div class=\"container\">\n<p class=\"lead\">Caser Dental cuenta con la\u00a0<b>solvencia<\/b>\u00a0de uno de los principales grupos aseguradores de Espa\u00f1a. Ofrecemos a todos nuestros pacientes servicios de calidad,\u00a0<b>garantizando el cumplimiento de todos sus tratamientos.<\/b><\/p>\n<\/div>\n<\/footer><\/div>\n<\/div>\n\t\t\t\t\t\t\t\t<\/div>\n\t\t\t\t<\/div>\n\t\t\t\t\t<\/div>\n\t\t<\/div>\n\t\t\t\t\t<\/div>\n\t\t<\/section>\n\t\t\t\t<\/div>\n\t\t","protected":false},"excerpt":{"rendered":"<p>\u00bfQu\u00e9 es una cookie? Una cookie es un peque\u00f1o archivo de datos que se descarga en su ordenador o dispositivo m\u00f3vil cuando visita un sitio web. Cuando regrese a un sitio web visitado anteriormente o visite un sitio web que usa las mismas cookies, ese sitio web reconocer\u00e1 estas cookies y, por lo tanto, su [&hellip;]<\/p>\n","protected":false},"author":7,"featured_media":0,"parent":0,"menu_order":0,"comment_status":"closed","ping_status":"closed","template":"","meta":{"footnotes":""},"class_list":["post-10833","page","type-page","status-publish","hentry"],"_links":{"self":[{"href":"https:\/\/www.clinicasdentalescaser.es\/blog\/wp-json\/wp\/v2\/pages\/10833","targetHints":{"allow":["GET"]}}],"collection":[{"href":"https:\/\/www.clinicasdentalescaser.es\/blog\/wp-json\/wp\/v2\/pages"}],"about":[{"href":"https:\/\/www.clinicasdentalescaser.es\/blog\/wp-json\/wp\/v2\/types\/page"}],"author":[{"embeddable":true,"href":"https:\/\/www.clinicasdentalescaser.es\/blog\/wp-json\/wp\/v2\/users\/7"}],"replies":[{"embeddable":true,"href":"https:\/\/www.clinicasdentalescaser.es\/blog\/wp-json\/wp\/v2\/comments?post=10833"}],"version-history":[{"count":5,"href":"https:\/\/www.clinicasdentalescaser.es\/blog\/wp-json\/wp\/v2\/pages\/10833\/revisions"}],"predecessor-version":[{"id":10844,"href":"https:\/\/www.clinicasdentalescaser.es\/blog\/wp-json\/wp\/v2\/pages\/10833\/revisions\/10844"}],"wp:attachment":[{"href":"https:\/\/www.clinicasdentalescaser.es\/blog\/wp-json\/wp\/v2\/media?parent=10833"}],"curies":[{"name":"wp","href":"https:\/\/api.w.org\/{rel}","templated":true}]}}